{"id":2594,"date":"2025-02-21T10:16:02","date_gmt":"2025-02-21T15:16:02","guid":{"rendered":"https:\/\/seisveintiseis.com\/?post_type=product&#038;p=2594"},"modified":"2025-02-21T10:18:32","modified_gmt":"2025-02-21T15:18:32","slug":"audifonos-triangle","status":"publish","type":"product","link":"https:\/\/invoga.com.co\/en\/product\/audifonos-triangle\/","title":{"rendered":"Aud\u00edfonos Triangle"},"content":{"rendered":"<div data-elementor-type=\"product-post\" data-elementor-id=\"2594\" class=\"elementor elementor-2594\" data-elementor-settings=\"{&quot;ha_cmc_init_switcher&quot;:&quot;no&quot;}\" data-elementor-post-type=\"product\">\n\t\t\t\t<div class=\"elementor-element elementor-element-3bbd1e1 e-flex e-con-boxed e-con e-parent\" data-id=\"3bbd1e1\" data-element_type=\"container\" data-settings=\"{&quot;_ha_eqh_enable&quot;:false}\">\n\t\t\t\t\t<div class=\"e-con-inner\">\n\t\t\t\t<div class=\"elementor-element elementor-element-a4d810d elementor-widget elementor-widget-text-editor\" data-id=\"a4d810d\" data-element_type=\"widget\" data-widget_type=\"text-editor.default\">\n\t\t\t\t<div class=\"elementor-widget-container\">\n\t\t\t\t\t\t\t\t\t<p class=\"ng-star-inserted\">Aud\u00edfonos intraaurales de conexi\u00f3n al\u00e1mbrica con empaque pl\u00e1stico para f\u00e1cil almacenamiento y protecci\u00f3n. Cable de conexi\u00f3n est\u00e1ndar 3,5 mm. Longitud del cable 1 m.<\/p>\t\t\t\t\t\t\t\t<\/div>\n\t\t\t\t<\/div>\n\t\t\t\t<div class=\"elementor-element elementor-element-e6d80f4 elementor-align-left elementor-icon-list--layout-traditional elementor-list-item-link-full_width elementor-widget elementor-widget-icon-list\" data-id=\"e6d80f4\" data-element_type=\"widget\" data-widget_type=\"icon-list.default\">\n\t\t\t\t<div class=\"elementor-widget-container\">\n\t\t\t\t\t\t\t<ul class=\"elementor-icon-list-items\">\n\t\t\t\t\t\t\t<li class=\"elementor-icon-list-item\">\n\t\t\t\t\t\t\t\t\t\t\t<span class=\"elementor-icon-list-icon\">\n\t\t\t\t\t\t\t<svg xmlns=\"http:\/\/www.w3.org\/2000\/svg\" id=\"Capa_1\" viewbox=\"0 0 1080 886.5\"><polygon points=\"1047.1 276.5 1044.2 281.6 541 532.3 533.8 530.6 32.8 279.9 37.4 275.4 539 25.2 546.2 26.9 1047.1 276.5\"><\/polygon><path d=\"M1047.1,404.4l-2.9,5.1-503.2,250.7-7.2-1.7L32.8,407.8c-1-4.8,2-3.1,4.5-4.5,17.6-10.1,58.3-32.4,76.1-38.3,3-1,5.7-2.6,9-1.4l405.3,202.6,13,4.2,416.7-206.9,7.4.6,82.2,40.2Z\"><\/path><path d=\"M1047.1,605.5l-2.9,5.1-503.2,250.7-7.2-1.7L32.8,608.8c-1-4.8,2-3.1,4.5-4.5,17.6-10.1,58.3-32.4,76.1-38.3,3-1,5.7-2.6,9-1.4l405.3,202.6,13,4.2,416.7-206.9,7.4.6,82.2,40.2Z\"><\/path><polygon points=\"521.7 690 521.7 724.2 10 470.6 10 436.4 521.7 690\"><\/polygon><polygon points=\"1070 436.4 1070 470.6 558.3 724.2 558.3 690 1070 436.4\"><\/polygon><\/svg>\t\t\t\t\t\t<\/span>\n\t\t\t\t\t\t\t\t\t\t<span class=\"elementor-icon-list-text\">MATERIAL: ABS.<\/span>\n\t\t\t\t\t\t\t\t\t<\/li>\n\t\t\t\t\t\t\t\t<li class=\"elementor-icon-list-item\">\n\t\t\t\t\t\t\t\t\t\t\t<span class=\"elementor-icon-list-icon\">\n\t\t\t\t\t\t\t<svg xmlns=\"http:\/\/www.w3.org\/2000\/svg\" id=\"Capa_1\" viewbox=\"0 0 1080 1080\"><path d=\"M758.5,258.4H68.9c-29.8,2.1-48.2,13.1-58.9,41.5v728.8c7.2,16.5,16.2,31.1,34,37.4,5.4,1.9,11.4.8,15.6,4h710.1l19.4-6.5c19.1-8.6,28.8-28.1,30.4-48.3V313.2c-4.1-36.9-25.4-52.4-61.1-54.9Z\"><\/path><path d=\"M906.5,106.2l-97.4-96.2h-4.1c-2.4,2.2-6.2,2.5-8.1,5.3-6.1,8.6,0,50.2-2.2,63H181.8V21.4c0-4.2-8.9-9.5-12.4-11.4h-2.1l-96.3,95.2c-7.3,7.7-5.7,11.2,0,18.7,23.3,30.6,65,59.5,90.2,89.9,7.6,7.5,20.6,1.4,20.6-8.2v-54.9h612.8v59c0,1.2,6.8,6.9,9.4,7.3,5.3.8,8.4-1.5,12.3-4.2,12.8-8.9,77.1-73.7,87-86.9,4.9-6.6,7.8-11.9,3.2-19.8Z\"><\/path><path d=\"M1060.8,283.4c3.9-.4,6.4-1.8,9.2-4.2v-12.4l-96.2-95.3c-6.9-4.8-12.1-1-17.8,3.2-15.9,11.9-74.9,71-86.9,87-4.2,5.6-7.6,11-3,17.4.8,1.2,3.3,4.3,4,4.3h61.1v614.9h-61.1c-.7,0-3.2,3.2-4,4.3-4.6,6.4-1.2,11.8,3,17.4,12,16,71,75.1,86.9,87,5.6,4.2,10.8,8,17.8,3.2l96.2-95.3v-12.4c-2.9-2.5-5.3-3.8-9.2-4.2-17.7-1.9-38.9,1.6-57,0V283.3c18.3-1.4,39,1.8,57,0Z\"><\/path><\/svg>\t\t\t\t\t\t<\/span>\n\t\t\t\t\t\t\t\t\t\t<span class=\"elementor-icon-list-text\">MEDIDAS: 6,3 x 6 x 1,2 cm.<\/span>\n\t\t\t\t\t\t\t\t\t<\/li>\n\t\t\t\t\t\t\t\t<li class=\"elementor-icon-list-item\">\n\t\t\t\t\t\t\t\t\t\t\t<span class=\"elementor-icon-list-icon\">\n\t\t\t\t\t\t\t<svg xmlns=\"http:\/\/www.w3.org\/2000\/svg\" id=\"Capa_1\" viewbox=\"0 0 783.6 1080\"><path d=\"M434.8,1070h-87.4c-94.9-16-179.4-61.1-238.5-137.7-40-51.9-62-110.4-73.7-174.5,1.9-25-2.6-53.6,0-78,8.6-80.1,75.2-211.2,113.9-284.2C219.9,262,305.6,137,387.8,10.5l6.5-.5c105.2,157.8,215.3,319.5,293.9,492.8,53.5,118,86.4,215.6,36.2,343.2-45.2,115-164.7,212.4-289.6,223.9Z\"><\/path><\/svg>\t\t\t\t\t\t<\/span>\n\t\t\t\t\t\t\t\t\t\t<span class=\"elementor-icon-list-text\">\u00c1REA DE IMPRESI\u00d3N APROXIMADA: Digital: 3 x 2,5 cm. Tampo: 3 x 3 cm.<\/span>\n\t\t\t\t\t\t\t\t\t<\/li>\n\t\t\t\t\t\t\t\t<li class=\"elementor-icon-list-item\">\n\t\t\t\t\t\t\t\t\t\t\t<span class=\"elementor-icon-list-icon\">\n\t\t\t\t\t\t\t<svg xmlns=\"http:\/\/www.w3.org\/2000\/svg\" id=\"Capa_1\" viewbox=\"0 0 1080 1080\"><path d=\"M164.5,10c4.4,3.5,14.5,11.8,14.5,17.6v44.4h279.9c10.3-32.2,32.7-53,65.4-62h33.1c32.6,9,55.1,29.8,65.4,62.2h279.9V27.6c0-5.8,10.1-14,14.5-17.6h153v153c-3.5,4.4-11.8,14.5-17.6,14.5h-44.4v279.9c32.2,10.3,53,32.7,62,65.4v33.1c-8.9,32.8-30.1,54.6-62.1,65.4v279.8h44.5c5.8,0,14,10.1,17.6,14.5v140.6c-5.4,6.6-8.2,11.4-17.5,12.5-40.2,4.7-89.2-3.6-130.3,0-7.3,1-19.6-11.7-19.6-17.6v-44.4h-279.8c-25.5,83-138.5,83.1-163.9-.1H179v44.6c0,7.5-11.9,16.7-19.6,17.6-40.2,4.7-89.2-3.7-130.3,0-9-.5-17-8.3-17.6-17.6,3.7-41.1-4.7-90.2,0-130.3.9-7.7,10.1-19.6,17.6-19.6h44.4v-279.8c-83-25.1-83.1-139,.1-163.9V177.5H29.1c-5.9,0-18.6-12.3-17.6-19.6,3.6-41.2-4.7-90.2,0-130.3,1.1-9.3,5.8-12.1,12.5-17.5h140.6ZM179,115.4v42.4c0,7.4-12.3,19.6-19.6,19.6h-42.4v279.8c81.7,27.8,81.6,136.2,0,164v279.8h42.5c7.4,0,19.6,12.3,19.6,19.6v42.4h279.8c27.9-81.7,136.1-81.7,164,0h279.8v-42.5c0-7.4,12.3-19.6,19.6-19.6h42.4v-279.8c-81.6-28-81.7-136.1,0-164V177.5h-42.5c-7.4,0-19.6-12.3-19.6-19.6v-42.4h-279.8c-27.9,81.6-136,81.6-164,0H179Z\"><\/path><path d=\"M863.3,801.8c-3.5-1.2-5.7-4.8-7.9-7.6-79.2-100.6-144.9-222.4-222.8-325.1-7.3-9.9-17.7-16.6-29.7-9.3-33.1,44.1-58.5,94-90.1,139.4l-51.6-74.5c-7.8-5.8-16.4-7.3-24.9-2.1-70.5,85.7-134.4,176.9-203.7,263.5-4.3,5.3-8.7,11.9-14.4,15.6V263.2c0-6.5,18.1-18.5,25.8-15.6h595.6c7.1-2.4,23.7,9.8,23.7,15.6v538.5ZM320.3,437.2c52.4,53.7,138.1-19.6,94.4-78.9-52.9-71.7-154.5,17.3-94.4,78.9Z\"><\/path><polygon points=\"623.5 830.7 249.3 830.7 446.7 574.4 623.5 830.7\"><\/polygon><polygon points=\"832.3 830.7 674.1 830.7 538.9 637 614.2 514.5 832.3 830.7\"><\/polygon><path d=\"M362.5,372.1c26.9-2.9,33.1,41.1,3.5,43.2-28.3,2-32.1-40.1-3.5-43.2Z\"><\/path><\/svg>\t\t\t\t\t\t<\/span>\n\t\t\t\t\t\t\t\t\t\t<span class=\"elementor-icon-list-text\">MARCA: SE SUGIERE: Impresi\u00f3n Digital Tampograf\u00eda Variedades hasta 5 tintas<\/span>\n\t\t\t\t\t\t\t\t\t<\/li>\n\t\t\t\t\t\t\t\t<li class=\"elementor-icon-list-item\">\n\t\t\t\t\t\t\t\t\t\t\t<span class=\"elementor-icon-list-icon\">\n\t\t\t\t\t\t\t<svg xmlns=\"http:\/\/www.w3.org\/2000\/svg\" id=\"Capa_1\" viewbox=\"0 0 1080 924.9\"><path d=\"M1070,897.2H10V27.7h374.7v476.2l92.4-90.9,63.6,59.7,62.1-59.7,92.4,90.9V27.7h374.7v869.5ZM322.6,710.9h-188.4v62.1h188.4v-62.1Z\"><\/path><polygon points=\"633.2 27.7 633.2 356.9 601.4 328 539.2 387.8 478.6 328 446.8 356.9 446.8 27.7 633.2 27.7\"><\/polygon><\/svg>\t\t\t\t\t\t<\/span>\n\t\t\t\t\t\t\t\t\t\t<span class=\"elementor-icon-list-text\">EMPAQUE: 400 Unidades en caja m\u00e1ster de: 29 cm x 42 cm x 31 cm; Peso Bruto: 13 Kg; Peso Neto: 12 Kg.<\/span>\n\t\t\t\t\t\t\t\t\t<\/li>\n\t\t\t\t\t\t\t\t<li class=\"elementor-icon-list-item\">\n\t\t\t\t\t\t\t\t\t\t\t<span class=\"elementor-icon-list-icon\">\n\t\t\t\t\t\t\t<svg xmlns=\"http:\/\/www.w3.org\/2000\/svg\" id=\"Capa_1\" viewbox=\"0 0 793.9 1080\"><path d=\"M768.6,1064.8c-3.5,3.2-10.8,5.2-15.7,5.2H40.9c-9.1-.3-17.3-3.9-20.2-12.8l-.7-585.7c-.3-7.4,3-13.6,9.5-17,241.5-3.9,483.8-.4,725.6-1.8,7.4-.3,13.6,3,17,9.5,3.5,197.9,1.4,396.8,1.1,595-1.3,2.4-2.6,5.8-4.5,7.6ZM142,875.2c100.1,99.5,294.4,111.8,419.4,58.4,202.5-86.5,181-280.5-18.6-352.4-122.2-44-294.5-30.6-393.8,59-74.8,67.5-79,163.4-7,235Z\"><\/path><path d=\"M433.2,318.5c-4.8-1.5-3.8-22.6-3.4-27.6,1.8-22.3,12.6-44.3,28.8-59.4l216.6-.7c17.6,13.4,28.7,38.3,30.3,60.1.3,4.6,1.2,27.6-3.4,27.6h-268.8Z\"><\/path><path d=\"M91.7,318.5c-7.4-2.3-2-40,.4-48,2.8-9.2,17.4-37,26.5-39.7l216.6.7c17.1,15.8,27.2,38.2,28.8,61.6.3,4.6,1.2,25.4-3.4,25.4H91.7Z\"><\/path><rect x=\"88.4\" y=\"349.3\" width=\"275.4\" height=\"70.5\"><\/rect><rect x=\"429.9\" y=\"349.3\" width=\"275.4\" height=\"70.5\"><\/rect><polygon points=\"299.9 197.3 152.3 197.3 226.1 10 299.9 197.3\"><\/polygon><polygon points=\"641.5 197.3 493.8 197.3 567.6 10 641.5 197.3\"><\/polygon><path d=\"M363.4,590.2c100.9-7,285.6,30.1,306.2,150.9,22.1,129.5-156.3,188.4-256.1,192.3-96.4,3.8-272.2-39.2-289.6-153.5-18.6-122.6,142.2-182.9,239.5-189.7Z\"><\/path><\/svg>\t\t\t\t\t\t<\/span>\n\t\t\t\t\t\t\t\t\t\t<span class=\"elementor-icon-list-text\">EMPAQUE INDIVIDUAL: Cada Pieza en bolsa de Polietileno<\/span>\n\t\t\t\t\t\t\t\t\t<\/li>\n\t\t\t\t\t\t<\/ul>\n\t\t\t\t\t\t<\/div>\n\t\t\t\t<\/div>\n\t\t\t\t\t<\/div>\n\t\t\t\t<\/div>\n\t\t\t\t<\/div>","protected":false},"excerpt":{"rendered":"<p>Aud\u00edfonos intraaurales de conexi\u00f3n al\u00e1mbrica con empaque pl\u00e1stico para f\u00e1cil almacenamiento y protecci\u00f3n. Cable de conexi\u00f3n est\u00e1ndar 3,5 mm. Longitud [&hellip;]<\/p>","protected":false},"featured_media":2597,"comment_status":"open","ping_status":"closed","template":"","meta":{"site-sidebar-layout":"no-sidebar","site-content-layout":"","ast-site-content-layout":"full-width-container","site-content-style":"default","site-sidebar-style":"default","ast-global-header-display":"","ast-banner-title-visibility":"","ast-main-header-display":"disabled","ast-hfb-above-header-display":"","ast-hfb-below-header-display":"","ast-hfb-mobile-header-display":"disabled","site-post-title":"disabled","ast-breadcrumbs-content":"disabled","ast-featured-img":"disabled","footer-sml-layout":"disabled","theme-transparent-header-meta":"default","adv-header-id-meta":"","stick-header-meta":"","header-above-stick-meta":"","header-main-stick-meta":"","header-below-stick-meta":"","astra-migrate-meta-layouts":"set","ast-page-background-enabled":"default","ast-page-background-meta":{"desktop":{"background-color":"var(--ast-global-color-5)","background-image":"","background-repeat":"repeat","background-position":"center center","background-size":"auto","background-attachment":"scroll","background-type":"","background-media":"","overlay-type":"","overlay-color":"","overlay-opacity":"","overlay-gradient":""},"tablet":{"background-color":"","background-image":"","background-repeat":"repeat","background-position":"center center","background-size":"auto","background-attachment":"scroll","background-type":"","background-media":"","overlay-type":"","overlay-color":"","overlay-opacity":"","overlay-gradient":""},"mobile":{"background-color":"","background-image":"","background-repeat":"repeat","background-position":"center center","background-size":"auto","background-attachment":"scroll","background-type":"","background-media":"","overlay-type":"","overlay-color":"","overlay-opacity":"","overlay-gradient":""}},"ast-content-background-meta":{"desktop":{"background-color":"var(--ast-global-color-4)","background-image":"","background-repeat":"repeat","background-position":"center center","background-size":"auto","background-attachment":"scroll","background-type":"","background-media":"","overlay-type":"","overlay-color":"","overlay-opacity":"","overlay-gradient":""},"tablet":{"background-color":"var(--ast-global-color-4)","background-image":"","background-repeat":"repeat","background-position":"center center","background-size":"auto","background-attachment":"scroll","background-type":"","background-media":"","overlay-type":"","overlay-color":"","overlay-opacity":"","overlay-gradient":""},"mobile":{"background-color":"var(--ast-global-color-4)","background-image":"","background-repeat":"repeat","background-position":"center center","background-size":"auto","background-attachment":"scroll","background-type":"","background-media":"","overlay-type":"","overlay-color":"","overlay-opacity":"","overlay-gradient":""}}},"product_brand":[],"product_cat":[46],"product_tag":[],"class_list":{"0":"post-2594","1":"product","2":"type-product","3":"status-publish","4":"has-post-thumbnail","6":"product_cat-audifonos","7":"desktop-align-left","8":"tablet-align-left","9":"mobile-align-left","11":"first","12":"instock","13":"shipping-taxable","14":"purchasable","15":"product-type-variable"},"yoast_head":"<!-- This site is optimized with the Yoast SEO plugin v24.6 - https:\/\/yoast.com\/wordpress\/plugins\/seo\/ -->\n<title>Aud\u00edfonos Triangle - Invoga Eventos | 20 a\u00f1os como empresas liderando eventos<\/title>\n<meta name=\"robots\" content=\"index, follow, max-snippet:-1, max-image-preview:large, max-video-preview:-1\" \/>\n<link rel=\"canonical\" href=\"https:\/\/invoga.com.co\/en\/product\/audifonos-triangle\/\" \/>\n<meta property=\"og:locale\" content=\"en_US\" \/>\n<meta property=\"og:type\" content=\"article\" \/>\n<meta property=\"og:title\" content=\"Aud\u00edfonos Triangle - Invoga Eventos | 20 a\u00f1os como empresas liderando eventos\" \/>\n<meta property=\"og:description\" content=\"Aud\u00edfonos intraaurales de conexi\u00f3n al\u00e1mbrica con empaque pl\u00e1stico para f\u00e1cil almacenamiento y protecci\u00f3n. Cable de conexi\u00f3n est\u00e1ndar 3,5 mm. Longitud [&hellip;]\" \/>\n<meta property=\"og:url\" content=\"https:\/\/invoga.com.co\/en\/product\/audifonos-triangle\/\" \/>\n<meta property=\"og:site_name\" content=\"Invoga Eventos | 20 a\u00f1os como empresas liderando eventos\" \/>\n<meta property=\"article:modified_time\" content=\"2025-02-21T15:18:32+00:00\" \/>\n<meta property=\"og:image\" content=\"https:\/\/invoga.com.co\/wp-content\/uploads\/2025\/02\/TE0326_3030583_53947.jpg\" \/>\n\t<meta property=\"og:image:width\" content=\"1500\" \/>\n\t<meta property=\"og:image:height\" content=\"1069\" \/>\n\t<meta property=\"og:image:type\" content=\"image\/jpeg\" \/>\n<meta name=\"twitter:card\" content=\"summary_large_image\" \/>\n<script type=\"application\/ld+json\" class=\"yoast-schema-graph\">{\"@context\":\"https:\/\/schema.org\",\"@graph\":[{\"@type\":\"WebPage\",\"@id\":\"https:\/\/invoga.com.co\/producto\/audifonos-triangle\/\",\"url\":\"https:\/\/invoga.com.co\/producto\/audifonos-triangle\/\",\"name\":\"Aud\u00edfonos Triangle - Invoga Eventos | 20 a\u00f1os como empresas liderando eventos\",\"isPartOf\":{\"@id\":\"https:\/\/invoga.com.co\/#website\"},\"primaryImageOfPage\":{\"@id\":\"https:\/\/invoga.com.co\/producto\/audifonos-triangle\/#primaryimage\"},\"image\":{\"@id\":\"https:\/\/invoga.com.co\/producto\/audifonos-triangle\/#primaryimage\"},\"thumbnailUrl\":\"https:\/\/invoga.com.co\/wp-content\/uploads\/2025\/02\/TE0326_3030583_53947.jpg\",\"datePublished\":\"2025-02-21T15:16:02+00:00\",\"dateModified\":\"2025-02-21T15:18:32+00:00\",\"breadcrumb\":{\"@id\":\"https:\/\/invoga.com.co\/producto\/audifonos-triangle\/#breadcrumb\"},\"inLanguage\":\"en-US\",\"potentialAction\":[{\"@type\":\"ReadAction\",\"target\":[\"https:\/\/invoga.com.co\/producto\/audifonos-triangle\/\"]}]},{\"@type\":\"ImageObject\",\"inLanguage\":\"en-US\",\"@id\":\"https:\/\/invoga.com.co\/producto\/audifonos-triangle\/#primaryimage\",\"url\":\"https:\/\/invoga.com.co\/wp-content\/uploads\/2025\/02\/TE0326_3030583_53947.jpg\",\"contentUrl\":\"https:\/\/invoga.com.co\/wp-content\/uploads\/2025\/02\/TE0326_3030583_53947.jpg\",\"width\":1500,\"height\":1069},{\"@type\":\"BreadcrumbList\",\"@id\":\"https:\/\/invoga.com.co\/producto\/audifonos-triangle\/#breadcrumb\",\"itemListElement\":[{\"@type\":\"ListItem\",\"position\":1,\"name\":\"Inicio\",\"item\":\"https:\/\/invoga.com.co\/\"},{\"@type\":\"ListItem\",\"position\":2,\"name\":\"Tienda\",\"item\":\"https:\/\/invoga.com.co\/tienda\/\"},{\"@type\":\"ListItem\",\"position\":3,\"name\":\"Aud\u00edfonos Triangle\"}]},{\"@type\":\"WebSite\",\"@id\":\"https:\/\/invoga.com.co\/#website\",\"url\":\"https:\/\/invoga.com.co\/\",\"name\":\"Invoga Eventos | 20 a\u00f1os como empresas liderando eventos\",\"description\":\"Organizaci\u00f3n lider con m\u00e1s de 20 a\u00f1os de experiencia en la gesti\u00f3n de eventos, foros y congresos en Colombia y LATAM. Cotiza ahora.\",\"potentialAction\":[{\"@type\":\"SearchAction\",\"target\":{\"@type\":\"EntryPoint\",\"urlTemplate\":\"https:\/\/invoga.com.co\/?s={search_term_string}\"},\"query-input\":{\"@type\":\"PropertyValueSpecification\",\"valueRequired\":true,\"valueName\":\"search_term_string\"}}],\"inLanguage\":\"en-US\"}]}<\/script>\n<!-- \/ Yoast SEO plugin. -->","yoast_head_json":{"title":"Aud\u00edfonos Triangle - Invoga Eventos | 20 a\u00f1os como empresas liderando eventos","robots":{"index":"index","follow":"follow","max-snippet":"max-snippet:-1","max-image-preview":"max-image-preview:large","max-video-preview":"max-video-preview:-1"},"canonical":"https:\/\/invoga.com.co\/en\/product\/audifonos-triangle\/","og_locale":"en_US","og_type":"article","og_title":"Aud\u00edfonos Triangle - Invoga Eventos | 20 a\u00f1os como empresas liderando eventos","og_description":"Aud\u00edfonos intraaurales de conexi\u00f3n al\u00e1mbrica con empaque pl\u00e1stico para f\u00e1cil almacenamiento y protecci\u00f3n. Cable de conexi\u00f3n est\u00e1ndar 3,5 mm. Longitud [&hellip;]","og_url":"https:\/\/invoga.com.co\/en\/product\/audifonos-triangle\/","og_site_name":"Invoga Eventos | 20 a\u00f1os como empresas liderando eventos","article_modified_time":"2025-02-21T15:18:32+00:00","og_image":[{"width":1500,"height":1069,"url":"https:\/\/invoga.com.co\/wp-content\/uploads\/2025\/02\/TE0326_3030583_53947.jpg","type":"image\/jpeg"}],"twitter_card":"summary_large_image","schema":{"@context":"https:\/\/schema.org","@graph":[{"@type":"WebPage","@id":"https:\/\/invoga.com.co\/producto\/audifonos-triangle\/","url":"https:\/\/invoga.com.co\/producto\/audifonos-triangle\/","name":"Aud\u00edfonos Triangle - Invoga Eventos | 20 a\u00f1os como empresas liderando eventos","isPartOf":{"@id":"https:\/\/invoga.com.co\/#website"},"primaryImageOfPage":{"@id":"https:\/\/invoga.com.co\/producto\/audifonos-triangle\/#primaryimage"},"image":{"@id":"https:\/\/invoga.com.co\/producto\/audifonos-triangle\/#primaryimage"},"thumbnailUrl":"https:\/\/invoga.com.co\/wp-content\/uploads\/2025\/02\/TE0326_3030583_53947.jpg","datePublished":"2025-02-21T15:16:02+00:00","dateModified":"2025-02-21T15:18:32+00:00","breadcrumb":{"@id":"https:\/\/invoga.com.co\/producto\/audifonos-triangle\/#breadcrumb"},"inLanguage":"en-US","potentialAction":[{"@type":"ReadAction","target":["https:\/\/invoga.com.co\/producto\/audifonos-triangle\/"]}]},{"@type":"ImageObject","inLanguage":"en-US","@id":"https:\/\/invoga.com.co\/producto\/audifonos-triangle\/#primaryimage","url":"https:\/\/invoga.com.co\/wp-content\/uploads\/2025\/02\/TE0326_3030583_53947.jpg","contentUrl":"https:\/\/invoga.com.co\/wp-content\/uploads\/2025\/02\/TE0326_3030583_53947.jpg","width":1500,"height":1069},{"@type":"BreadcrumbList","@id":"https:\/\/invoga.com.co\/producto\/audifonos-triangle\/#breadcrumb","itemListElement":[{"@type":"ListItem","position":1,"name":"Inicio","item":"https:\/\/invoga.com.co\/"},{"@type":"ListItem","position":2,"name":"Tienda","item":"https:\/\/invoga.com.co\/tienda\/"},{"@type":"ListItem","position":3,"name":"Aud\u00edfonos Triangle"}]},{"@type":"WebSite","@id":"https:\/\/invoga.com.co\/#website","url":"https:\/\/invoga.com.co\/","name":"Invoga Eventos | 20 a\u00f1os como empresas liderando eventos","description":"Organizaci\u00f3n lider con m\u00e1s de 20 a\u00f1os de experiencia en la gesti\u00f3n de eventos, foros y congresos en Colombia y LATAM. Cotiza ahora.","potentialAction":[{"@type":"SearchAction","target":{"@type":"EntryPoint","urlTemplate":"https:\/\/invoga.com.co\/?s={search_term_string}"},"query-input":{"@type":"PropertyValueSpecification","valueRequired":true,"valueName":"search_term_string"}}],"inLanguage":"en-US"}]}},"_links":{"self":[{"href":"https:\/\/invoga.com.co\/en\/wp-json\/wp\/v2\/product\/2594","targetHints":{"allow":["GET"]}}],"collection":[{"href":"https:\/\/invoga.com.co\/en\/wp-json\/wp\/v2\/product"}],"about":[{"href":"https:\/\/invoga.com.co\/en\/wp-json\/wp\/v2\/types\/product"}],"replies":[{"embeddable":true,"href":"https:\/\/invoga.com.co\/en\/wp-json\/wp\/v2\/comments?post=2594"}],"version-history":[{"count":0,"href":"https:\/\/invoga.com.co\/en\/wp-json\/wp\/v2\/product\/2594\/revisions"}],"wp:featuredmedia":[{"embeddable":true,"href":"https:\/\/invoga.com.co\/en\/wp-json\/wp\/v2\/media\/2597"}],"wp:attachment":[{"href":"https:\/\/invoga.com.co\/en\/wp-json\/wp\/v2\/media?parent=2594"}],"wp:term":[{"taxonomy":"product_brand","embeddable":true,"href":"https:\/\/invoga.com.co\/en\/wp-json\/wp\/v2\/product_brand?post=2594"},{"taxonomy":"product_cat","embeddable":true,"href":"https:\/\/invoga.com.co\/en\/wp-json\/wp\/v2\/product_cat?post=2594"},{"taxonomy":"product_tag","embeddable":true,"href":"https:\/\/invoga.com.co\/en\/wp-json\/wp\/v2\/product_tag?post=2594"}],"curies":[{"name":"wp","href":"https:\/\/api.w.org\/{rel}","templated":true}]}}